{"id":14,"date":"2022-10-24T20:12:33","date_gmt":"2022-10-24T17:12:33","guid":{"rendered":"https:\/\/avada.theme-fusion.com_demos\/law\/?page_id=14"},"modified":"2024-02-27T19:41:39","modified_gmt":"2024-02-27T16:41:39","slug":"our-participants","status":"publish","type":"page","link":"https:\/\/aristogrup.com\/en\/our-participants\/","title":{"rendered":"OUR PARTICIPANTS"},"content":{"rendered":"<p><div class=\"fusion-fullwidth fullwidth-box fusion-builder-row-1 fusion-flex-container nonhundred-percent-fullwidth non-hundred-percent-height-scrolling\" style=\"background-color: rgba(255,255,255,0);background-position: left top;background-repeat: no-repeat;border-width: 0px 0px 0px 0px;border-color:var(--awb-color3);border-style:solid;\" ><div class=\"fusion-builder-row fusion-row fusion-flex-align-items-flex-start\" style=\"max-width:calc( 1170px + 0px );margin-left: calc(-0px \/ 2 );margin-right: calc(-0px \/ 2 );\"><div class=\"fusion-layout-column fusion_builder_column fusion-builder-column-0 fusion_builder_column_1_3 1_3 fusion-flex-column fusion-column-inner-bg-wrapper\"><div class=\"fusion-column-wrapper fusion-flex-justify-content-flex-start fusion-content-layout-column\" style=\"padding: 0px 20px 0px 20px;\"><div ><style>.fusion-imageframe.imageframe-1{ margin-right : 10px;margin-left : 10px;}<\/style><span class=\" fusion-imageframe imageframe-none imageframe-1 hover-type-none\"><img decoding=\"async\" width=\"2201\" height=\"747\" title=\"Aristo Enerji@4x\" src=\"https:\/\/aristogrup.com\/en\/wp-content\/uploads\/2023\/02\/Aristo-Enerji@4x.png\" data-orig-src=\"https:\/\/aristogrup.com\/en\/wp-content\/uploads\/2023\/02\/Aristo-Enerji@4x.png\" alt class=\"lazyload img-responsive wp-image-20014\" srcset=\"data:image\/svg+xml,%3Csvg%20xmlns%3D%27http%3A%2F%2Fwww.w3.org%2F2000%2Fsvg%27%20width%3D%272201%27%20height%3D%27747%27%20viewBox%3D%270%200%202201%20747%27%3E%3Crect%20width%3D%272201%27%20height%3D%27747%27%20fill-opacity%3D%220%22%2F%3E%3C%2Fsvg%3E\" data-srcset=\"https:\/\/aristogrup.com\/en\/wp-content\/uploads\/2023\/02\/Aristo-Enerji@4x-200x68.png 200w, https:\/\/aristogrup.com\/en\/wp-content\/uploads\/2023\/02\/Aristo-Enerji@4x-400x136.png 400w, https:\/\/aristogrup.com\/en\/wp-content\/uploads\/2023\/02\/Aristo-Enerji@4x-600x204.png 600w, https:\/\/aristogrup.com\/en\/wp-content\/uploads\/2023\/02\/Aristo-Enerji@4x-800x272.png 800w, https:\/\/aristogrup.com\/en\/wp-content\/uploads\/2023\/02\/Aristo-Enerji@4x-1200x407.png 1200w, https:\/\/aristogrup.com\/en\/wp-content\/uploads\/2023\/02\/Aristo-Enerji@4x.png 2201w\" data-sizes=\"auto\" data-orig-sizes=\"(max-width: 1024px) 100vw, (max-width: 850px) 100vw, 400px\" \/><\/span><\/div><div class=\"fusion-text fusion-text-1\" style=\"text-align:center;font-family:&quot;Open Sans&quot;;font-weight:700;margin-top:20px;\"><p>AR\u0130STO ENERGY<\/p>\n<\/div><\/div><span class=\"fusion-column-inner-bg hover-type-none\"><a class=\"fusion-column-anchor\" href=\"https:\/\/aristoenerji.com\/\" rel=\"noopener noreferrer\" target=\"_blank\"><span class=\"fusion-column-inner-bg-image\" style=\"background-position:left top;background-repeat:no-repeat;-webkit-background-size:cover;-moz-background-size:cover;-o-background-size:cover;background-size:cover;\"><\/span><\/a><\/span><style type=\"text\/css\">.fusion-body .fusion-builder-column-0{width:33.333333333333% !important;margin-top : 0px;margin-bottom : 20px;}.fusion-builder-column-0 > .fusion-column-wrapper {padding-top : 0px !important;padding-right : 20 !important;margin-right : 0px;padding-bottom : 0px !important;padding-left : 20 !important;margin-left : 0px;}.fusion-flex-container .fusion-row .fusion-builder-column-0 > .fusion-column-inner-bg { margin-right:0px;margin-left:0px; }@media only screen and (max-width:1024px) {.fusion-body .fusion-builder-column-0{width:100% !important;order : 0;}.fusion-builder-column-0 > .fusion-column-wrapper {margin-right : 0px;margin-left : 0px;}.fusion-flex-container .fusion-row .fusion-builder-column-0 > .fusion-column-inner-bg { margin-right:0px;margin-left:0px; }}@media only screen and (max-width:850px) {.fusion-body .fusion-builder-column-0{width:100% !important;order : 0;}.fusion-builder-column-0 > .fusion-column-wrapper {margin-right : 0px;margin-left : 0px;}.fusion-flex-container .fusion-row .fusion-builder-column-0 > .fusion-column-inner-bg { margin-right:0px;margin-left:0px; }}<\/style><\/div><div class=\"fusion-layout-column fusion_builder_column fusion-builder-column-1 fusion_builder_column_1_3 1_3 fusion-flex-column fusion-column-inner-bg-wrapper\"><div class=\"fusion-column-wrapper fusion-flex-justify-content-flex-start fusion-content-layout-column\" style=\"padding: 0px 20px 0px 20px;\"><div ><style>.fusion-imageframe.imageframe-2{ margin-right : 10px;margin-left : 10px;}<\/style><span class=\" fusion-imageframe imageframe-none imageframe-2 hover-type-none\"><img decoding=\"async\" width=\"2284\" height=\"747\" title=\"Aristo Marble_1@4x\" src=\"https:\/\/aristogrup.com\/en\/wp-content\/uploads\/2023\/02\/Aristo-Marble_1@4x.png\" data-orig-src=\"https:\/\/aristogrup.com\/en\/wp-content\/uploads\/2023\/02\/Aristo-Marble_1@4x.png\" alt class=\"lazyload img-responsive wp-image-20017\" srcset=\"data:image\/svg+xml,%3Csvg%20xmlns%3D%27http%3A%2F%2Fwww.w3.org%2F2000%2Fsvg%27%20width%3D%272284%27%20height%3D%27747%27%20viewBox%3D%270%200%202284%20747%27%3E%3Crect%20width%3D%272284%27%20height%3D%27747%27%20fill-opacity%3D%220%22%2F%3E%3C%2Fsvg%3E\" data-srcset=\"https:\/\/aristogrup.com\/en\/wp-content\/uploads\/2023\/02\/Aristo-Marble_1@4x-200x65.png 200w, https:\/\/aristogrup.com\/en\/wp-content\/uploads\/2023\/02\/Aristo-Marble_1@4x-400x131.png 400w, https:\/\/aristogrup.com\/en\/wp-content\/uploads\/2023\/02\/Aristo-Marble_1@4x-600x196.png 600w, https:\/\/aristogrup.com\/en\/wp-content\/uploads\/2023\/02\/Aristo-Marble_1@4x-800x262.png 800w, https:\/\/aristogrup.com\/en\/wp-content\/uploads\/2023\/02\/Aristo-Marble_1@4x-1200x392.png 1200w, https:\/\/aristogrup.com\/en\/wp-content\/uploads\/2023\/02\/Aristo-Marble_1@4x.png 2284w\" data-sizes=\"auto\" data-orig-sizes=\"(max-width: 1024px) 100vw, (max-width: 850px) 100vw, 400px\" \/><\/span><\/div><div class=\"fusion-text fusion-text-2\" style=\"text-align:center;font-family:&quot;Open Sans&quot;;font-weight:700;margin-top:20px;\"><p>AR\u0130STO MARBLE<\/p>\n<\/div><\/div><span class=\"fusion-column-inner-bg hover-type-none\"><a class=\"fusion-column-anchor\" href=\"https:\/\/aristomarble.com\/\" rel=\"noopener noreferrer\" target=\"_blank\"><span class=\"fusion-column-inner-bg-image\" style=\"background-position:left top;background-repeat:no-repeat;-webkit-background-size:cover;-moz-background-size:cover;-o-background-size:cover;background-size:cover;\"><\/span><\/a><\/span><style type=\"text\/css\">.fusion-body .fusion-builder-column-1{width:33.333333333333% !important;margin-top : 0px;margin-bottom : 20px;}.fusion-builder-column-1 > .fusion-column-wrapper {padding-top : 0px !important;padding-right : 20 !important;margin-right : 0px;padding-bottom : 0px !important;padding-left : 20 !important;margin-left : 0px;}.fusion-flex-container .fusion-row .fusion-builder-column-1 > .fusion-column-inner-bg { margin-right:0px;margin-left:0px; }@media only screen and (max-width:1024px) {.fusion-body .fusion-builder-column-1{width:100% !important;order : 0;}.fusion-builder-column-1 > .fusion-column-wrapper {margin-right : 0px;margin-left : 0px;}.fusion-flex-container .fusion-row .fusion-builder-column-1 > .fusion-column-inner-bg { margin-right:0px;margin-left:0px; }}@media only screen and (max-width:850px) {.fusion-body .fusion-builder-column-1{width:100% !important;order : 0;}.fusion-builder-column-1 > .fusion-column-wrapper {margin-right : 0px;margin-left : 0px;}.fusion-flex-container .fusion-row .fusion-builder-column-1 > .fusion-column-inner-bg { margin-right:0px;margin-left:0px; }}<\/style><\/div><div class=\"fusion-layout-column fusion_builder_column fusion-builder-column-2 fusion_builder_column_1_3 1_3 fusion-flex-column fusion-column-inner-bg-wrapper\"><div class=\"fusion-column-wrapper fusion-flex-justify-content-flex-start fusion-content-layout-column\" style=\"padding: 0px 20px 0px 20px;\"><div ><style>.fusion-imageframe.imageframe-3{ margin-right : 10px;margin-left : 10px;}<\/style><span class=\" fusion-imageframe imageframe-none imageframe-3 hover-type-none\"><img decoding=\"async\" width=\"2255\" height=\"747\" title=\"Aristo I\u0307ns\u0327aat@4x\" src=\"https:\/\/aristogrup.com\/en\/wp-content\/uploads\/2023\/02\/Aristo-I\u0307ns\u0327aat@4x.png\" data-orig-src=\"https:\/\/aristogrup.com\/en\/wp-content\/uploads\/2023\/02\/Aristo-I\u0307ns\u0327aat@4x.png\" alt class=\"lazyload img-responsive wp-image-20016\" srcset=\"data:image\/svg+xml,%3Csvg%20xmlns%3D%27http%3A%2F%2Fwww.w3.org%2F2000%2Fsvg%27%20width%3D%272255%27%20height%3D%27747%27%20viewBox%3D%270%200%202255%20747%27%3E%3Crect%20width%3D%272255%27%20height%3D%27747%27%20fill-opacity%3D%220%22%2F%3E%3C%2Fsvg%3E\" data-srcset=\"https:\/\/aristogrup.com\/en\/wp-content\/uploads\/2023\/02\/Aristo-I\u0307ns\u0327aat@4x-200x66.png 200w, https:\/\/aristogrup.com\/en\/wp-content\/uploads\/2023\/02\/Aristo-I\u0307ns\u0327aat@4x-400x133.png 400w, https:\/\/aristogrup.com\/en\/wp-content\/uploads\/2023\/02\/Aristo-I\u0307ns\u0327aat@4x-600x199.png 600w, https:\/\/aristogrup.com\/en\/wp-content\/uploads\/2023\/02\/Aristo-I\u0307ns\u0327aat@4x-800x265.png 800w, https:\/\/aristogrup.com\/en\/wp-content\/uploads\/2023\/02\/Aristo-I\u0307ns\u0327aat@4x-1200x398.png 1200w, https:\/\/aristogrup.com\/en\/wp-content\/uploads\/2023\/02\/Aristo-I\u0307ns\u0327aat@4x.png 2255w\" data-sizes=\"auto\" data-orig-sizes=\"(max-width: 1024px) 100vw, (max-width: 850px) 100vw, 400px\" \/><\/span><\/div><div class=\"fusion-text fusion-text-3\" style=\"text-align:center;font-family:&quot;Open Sans&quot;;font-weight:700;margin-top:20px;\"><p>AR\u0130STO CONSTRUCTION<\/p>\n<\/div><\/div><span class=\"fusion-column-inner-bg hover-type-none\"><a class=\"fusion-column-anchor\" href=\"https:\/\/aristogrup.com\/en\/\" rel=\"noopener noreferrer\" target=\"_blank\"><span class=\"fusion-column-inner-bg-image\" style=\"background-position:left top;background-repeat:no-repeat;-webkit-background-size:cover;-moz-background-size:cover;-o-background-size:cover;background-size:cover;\"><\/span><\/a><\/span><style type=\"text\/css\">.fusion-body .fusion-builder-column-2{width:33.333333333333% !important;margin-top : 0px;margin-bottom : 20px;}.fusion-builder-column-2 > .fusion-column-wrapper {padding-top : 0px !important;padding-right : 20 !important;margin-right : 0px;padding-bottom : 0px !important;padding-left : 20 !important;margin-left : 0px;}.fusion-flex-container .fusion-row .fusion-builder-column-2 > .fusion-column-inner-bg { margin-right:0px;margin-left:0px; }@media only screen and (max-width:1024px) {.fusion-body .fusion-builder-column-2{width:100% !important;order : 0;}.fusion-builder-column-2 > .fusion-column-wrapper {margin-right : 0px;margin-left : 0px;}.fusion-flex-container .fusion-row .fusion-builder-column-2 > .fusion-column-inner-bg { margin-right:0px;margin-left:0px; }}@media only screen and (max-width:850px) {.fusion-body .fusion-builder-column-2{width:100% !important;order : 0;}.fusion-builder-column-2 > .fusion-column-wrapper {margin-right : 0px;margin-left : 0px;}.fusion-flex-container .fusion-row .fusion-builder-column-2 > .fusion-column-inner-bg { margin-right:0px;margin-left:0px; }}<\/style><\/div><\/div><style type=\"text\/css\">.fusion-body .fusion-flex-container.fusion-builder-row-1{ padding-top : 50px;margin-top : 0px;padding-right : 0px;padding-bottom : 40px;margin-bottom : 0px;padding-left : 0px;}@media only screen and (max-width:1024px) {.fusion-body .fusion-flex-container.fusion-builder-row-1{ padding-top : 80px;padding-bottom : 52px;}}<\/style><\/div><div class=\"fusion-bg-parallax\" data-bg-align=\"center center\" data-direction=\"up\" data-mute=\"false\" data-opacity=\"100\" data-velocity=\"-0.5\" data-mobile-enabled=\"false\" data-break_parents=\"0\" data-bg-image=\"https:\/\/aristogrup.com\/en\/wp-content\/uploads\/2015\/02\/where-we-work-parallax.jpg\" data-bg-repeat=\"false\" data-bg-color=\"var(--awb-color7)\" ><\/div><div class=\"fusion-fullwidth fullwidth-box fusion-builder-row-2 fusion-flex-container fusion-parallax-up nonhundred-percent-fullwidth non-hundred-percent-height-scrolling lazyload\" style=\"background-color: var(--awb-color7);background-position: center center;background-repeat: no-repeat;border-width: 0px 0px 0px 0px;border-color:var(--awb-color3);border-style:solid;-webkit-background-size:cover;-moz-background-size:cover;-o-background-size:cover;background-size:cover;\" data-bg=\"https:\/\/aristogrup.com\/en\/wp-content\/uploads\/2015\/02\/where-we-work-parallax.jpg\" ><div class=\"fusion-builder-row fusion-row fusion-flex-align-items-flex-start fusion-flex-justify-content-center\" style=\"max-width:1216.8px;margin-left: calc(-4% \/ 2 );margin-right: calc(-4% \/ 2 );\"><div class=\"fusion-layout-column fusion_builder_column fusion-builder-column-3 fusion_builder_column_2_3 2_3 fusion-flex-column fusion-flex-align-self-flex-start fusion-column-no-min-height\"><div class=\"fusion-column-wrapper fusion-flex-justify-content-flex-start fusion-content-layout-column\" style=\"background-position:left top;background-repeat:no-repeat;-webkit-background-size:cover;-moz-background-size:cover;-o-background-size:cover;background-size:cover;padding: 0px 0px 0px 0px;\"><style type=\"text\/css\">@media only screen and (max-width:1024px) {.fusion-title.fusion-title-1{margin-top:0px!important; margin-right:0px!important;margin-bottom:30px!important;margin-left:0px!important;}}@media only screen and (max-width:850px) {.fusion-title.fusion-title-1{margin-top:0px!important; margin-right:0px!important;margin-bottom:30px!important; margin-left:0px!important;}}<\/style><div class=\"fusion-title title fusion-title-1 fusion-title-center fusion-title-text fusion-title-size-two\" style=\"margin-top:0px;margin-right:0px;margin-bottom:30px;margin-left:0px;\"><div class=\"title-sep-container title-sep-container-left\"><div class=\"title-sep sep-\" style=\"border-color:var(--awb-color3);\"><\/div><\/div><span class=\"awb-title-spacer\"><\/span><h2 class=\"title-heading-center\" style=\"margin:0;text-transform:uppercase;color:var(--awb-color1);\">ARISTO GROUP<\/h2><span class=\"awb-title-spacer\"><\/span><div class=\"title-sep-container title-sep-container-right\"><div class=\"title-sep sep-\" style=\"border-color:var(--awb-color3);\"><\/div><\/div><\/div><div class=\"fusion-separator\" style=\"align-self: center;margin-left: auto;margin-right: auto;margin-top:10px;margin-bottom:30px;width:100%;max-width:170px;\"><div class=\"fusion-separator-border sep-single sep-solid\" style=\"border-color:var(--awb-color7);border-top-width:1px;\"><\/div><\/div><div class=\"fusion-text fusion-text-4\" style=\"text-align:center;font-size:var(--awb-typography2-font-size);line-height:var(--awb-typography2-line-height);color:var(--awb-color1);\"><p>FOR A BETTER FUTURE;<br \/>ARISTO<\/p>\n<\/div><div class=\"fusion-text fusion-text-5\" style=\"text-align:center;font-size:20px;color:#7c7c7c;font-family:&quot;Yellowtail&quot;;font-weight:400;\"><p>Ceo<\/p>\n<\/div><div class=\"fusion-text fusion-text-6\" style=\"text-align:center;font-size:20px;color:#7c7c7c;font-family:&quot;Yellowtail&quot;;font-weight:400;margin-top:-35px;\"><p>\u00c7a\u011fr\u0131 Payas<\/p>\n<\/div><\/div><style type=\"text\/css\">.fusion-body .fusion-builder-column-3{width:66.666666666667% !important;margin-top : 0px;margin-bottom : 0px;}.fusion-builder-column-3 > .fusion-column-wrapper {padding-top : 0px !important;padding-right : 0px !important;margin-right : 2.88%;padding-bottom : 0px !important;padding-left : 0px !important;margin-left : 2.88%;}@media only screen and (max-width:1024px) {.fusion-body .fusion-builder-column-3{width:100% !important;}.fusion-builder-column-3 > .fusion-column-wrapper {margin-right : 1.92%;margin-left : 1.92%;}}@media only screen and (max-width:850px) {.fusion-body .fusion-builder-column-3{width:100% !important;}.fusion-builder-column-3 > .fusion-column-wrapper {margin-right : 1.92%;margin-left : 1.92%;}}<\/style><\/div><\/div><style type=\"text\/css\">.fusion-body .fusion-flex-container.fusion-builder-row-2{ padding-top : 30px;margin-top : 0px;padding-right : 0px;padding-bottom : 30px;margin-bottom : 0px;padding-left : 0px;}<\/style><\/div><\/p>\n","protected":false},"excerpt":{"rendered":"","protected":false},"author":1,"featured_media":0,"parent":0,"menu_order":0,"comment_status":"open","ping_status":"closed","template":"100-width.php","meta":{"footnotes":""},"class_list":["post-14","page","type-page","status-publish","hentry"],"_links":{"self":[{"href":"https:\/\/aristogrup.com\/en\/wp-json\/wp\/v2\/pages\/14","targetHints":{"allow":["GET"]}}],"collection":[{"href":"https:\/\/aristogrup.com\/en\/wp-json\/wp\/v2\/pages"}],"about":[{"href":"https:\/\/aristogrup.com\/en\/wp-json\/wp\/v2\/types\/page"}],"author":[{"embeddable":true,"href":"https:\/\/aristogrup.com\/en\/wp-json\/wp\/v2\/users\/1"}],"replies":[{"embeddable":true,"href":"https:\/\/aristogrup.com\/en\/wp-json\/wp\/v2\/comments?post=14"}],"version-history":[{"count":12,"href":"https:\/\/aristogrup.com\/en\/wp-json\/wp\/v2\/pages\/14\/revisions"}],"predecessor-version":[{"id":20040,"href":"https:\/\/aristogrup.com\/en\/wp-json\/wp\/v2\/pages\/14\/revisions\/20040"}],"wp:attachment":[{"href":"https:\/\/aristogrup.com\/en\/wp-json\/wp\/v2\/media?parent=14"}],"curies":[{"name":"wp","href":"https:\/\/api.w.org\/{rel}","templated":true}]}}